{"id":1204,"date":"2018-08-30T12:08:28","date_gmt":"2018-08-30T10:08:28","guid":{"rendered":"https:\/\/www.autovalue.de\/das-netzwerk\/"},"modified":"2025-08-21T14:19:59","modified_gmt":"2025-08-21T12:19:59","slug":"the-network","status":"publish","type":"page","link":"https:\/\/www.autovalue.de\/en\/the-network\/","title":{"rendered":"The Network"},"content":{"rendered":"\t\t<div data-elementor-type=\"wp-post\" data-elementor-id=\"1204\" class=\"elementor elementor-1204 elementor-11 elementor-bc-flex-widget\">\n\t\t\t\t\t\t<section class=\"elementor-section elementor-top-section elementor-element elementor-element-12d5fad section section-banner-red elementor-section-boxed elementor-section-height-default elementor-section-height-default\" data-id=\"12d5fad\" data-element_type=\"section\">\n\t\t\t\t\t\t<div class=\"elementor-container elementor-column-gap-default\">\n\t\t\t\t\t<div class=\"elementor-column elementor-col-100 elementor-top-column elementor-element elementor-element-dded69b\" data-id=\"dded69b\" data-element_type=\"column\">\n\t\t\t<div class=\"elementor-widget-wrap elementor-element-populated\">\n\t\t\t\t\t\t<div class=\"elementor-element elementor-element-4b4fcbc elementor-widget elementor-widget-heading\" data-id=\"4b4fcbc\" data-element_type=\"widget\" data-widget_type=\"heading.default\">\n\t\t\t\t<div class=\"elementor-widget-container\">\n\t\t\t<h2 class=\"elementor-heading-title elementor-size-default\">The Network<\/h2>\t\t<\/div>\n\t\t\t\t<\/div>\n\t\t\t\t\t<\/div>\n\t\t<\/div>\n\t\t\t\t\t<\/div>\n\t\t<\/section>\n\t\t\t\t<section class=\"elementor-section elementor-top-section elementor-element elementor-element-fd6aea3 section elementor-section-boxed elementor-section-height-default elementor-section-height-default\" data-id=\"fd6aea3\" data-element_type=\"section\">\n\t\t\t\t\t\t<div class=\"elementor-container elementor-column-gap-default\">\n\t\t\t\t\t<div class=\"elementor-column elementor-col-100 elementor-top-column elementor-element elementor-element-2045965\" data-id=\"2045965\" data-element_type=\"column\">\n\t\t\t<div class=\"elementor-widget-wrap elementor-element-populated\">\n\t\t\t\t\t\t<div class=\"elementor-element elementor-element-7a7beec elementor-widget elementor-widget-text-editor\" data-id=\"7a7beec\" data-element_type=\"widget\" data-widget_type=\"text-editor.default\">\n\t\t\t\t<div class=\"elementor-widget-container\">\n\t\t\t\t\t\t\t<p>Angesichts der gesamtwirtschaftlichen Bedeutung der Automobilindustrie, der engen Verflechtung mit anderen Industriebereichen, der globalen Vernetzung, der komplexen Wertsch\u00f6pfungskette zwischen Herstellern, Zulieferern, der Logistik, etc. und angesichts der gewachsenen Interdependenz zwischen Automobil- und Finanzgesch\u00e4ft, kommt dem Netzwerk f\u00fcr eine erfolgreiche Beratung entscheidende Bedeutung zu. AutoValue GmbH verf\u00fcgt \u00fcber ein herausragendes Netzwerk, und zwar national wie international.<\/p>\n<h4><strong>Das Netzwerk von Prof. Dr. Bernd Gottschalk<\/strong><\/h4>\n\t\t\t\t\t\t<\/div>\n\t\t\t\t<\/div>\n\t\t\t\t<div class=\"elementor-element elementor-element-619cc00 section-small-tb section-banner-grey elementor-widget elementor-widget-text-editor\" data-id=\"619cc00\" data-element_type=\"widget\" data-widget_type=\"text-editor.default\">\n\t\t\t\t<div class=\"elementor-widget-container\">\n\t\t\t\t\t\t\t<h4 style=\"font-style: normal;\"><strong>POLITIC:<\/strong><\/h4>\n\t\t\t\t\t\t<\/div>\n\t\t\t\t<\/div>\n\t\t\t\t<div class=\"elementor-element elementor-element-bd52b2e section-small-tb elementor-widget elementor-widget-text-editor\" data-id=\"bd52b2e\" data-element_type=\"widget\" data-widget_type=\"text-editor.default\">\n\t\t\t\t<div class=\"elementor-widget-container\">\n\t\t\t\t\t\t\t<ul>\n<li>Aufbau eines Netzwerkes zur Politik seit der \u00dcbernahme der Verantwortung f\u00fcr Wirtschafts- und Verkehrspolitik bei der damaligen Daimler-Benz AG<\/li>\n<li>Engste Beziehungen zur deutschen und europ\u00e4ischen Politik in der \u00fcber zehn j\u00e4hrigen Verantwortung als Pr\u00e4sident des Verbandes der Automobilindustrie (VDA)<\/li>\n<li>als Vizepr\u00e4sident des BDI<\/li>\n<li>Mitglied der Forschungsunion beim Bundesministerium f\u00fcr Forschung und Entwicklung<\/li>\n<\/ul>\n\t\t\t\t\t\t<\/div>\n\t\t\t\t<\/div>\n\t\t\t\t<div class=\"elementor-element elementor-element-b43bbed section-small-tb section-banner-grey elementor-widget elementor-widget-text-editor\" data-id=\"b43bbed\" data-element_type=\"widget\" data-widget_type=\"text-editor.default\">\n\t\t\t\t<div class=\"elementor-widget-container\">\n\t\t\t\t\t\t\t<h4><strong>Verb\u00e4nde:<\/strong><\/h4>\n\t\t\t\t\t\t<\/div>\n\t\t\t\t<\/div>\n\t\t\t\t<section class=\"elementor-section elementor-inner-section elementor-element elementor-element-41b3f20 elementor-section-boxed elementor-section-height-default elementor-section-height-default\" data-id=\"41b3f20\" data-element_type=\"section\">\n\t\t\t\t\t\t<div class=\"elementor-container elementor-column-gap-default\">\n\t\t\t\t\t<div class=\"elementor-column elementor-col-50 elementor-inner-column elementor-element elementor-element-445c957\" data-id=\"445c957\" data-element_type=\"column\">\n\t\t\t<div class=\"elementor-widget-wrap elementor-element-populated\">\n\t\t\t\t\t\t<div class=\"elementor-element elementor-element-4488dea section-small-tb elementor-widget elementor-widget-text-editor\" data-id=\"4488dea\" data-element_type=\"widget\" data-widget_type=\"text-editor.default\">\n\t\t\t\t<div class=\"elementor-widget-container\">\n\t\t\t\t\t\t\t<p><strong>National:<\/strong><\/p>\n<ul>\n<li>Langj\u00e4hriger Vorsitzender des Verkehrsausschusses des BDI<\/li>\n<li>Vorstandsmitglied Deutsches Verkehrsforum<\/li>\n<li>Vorstandsmitglied Lateinamerikaverein<\/li>\n<li>Pr\u00e4sidiumsmitglied Pro-Mobilit\u00e4t<\/li>\n<li>Pr\u00e4sident des Weltautomobilverbandes OICA<\/li>\n<\/ul>\n\t\t\t\t\t\t<\/div>\n\t\t\t\t<\/div>\n\t\t\t\t\t<\/div>\n\t\t<\/div>\n\t\t\t\t<div class=\"elementor-column elementor-col-50 elementor-inner-column elementor-element elementor-element-7bf13d1\" data-id=\"7bf13d1\" data-element_type=\"column\">\n\t\t\t<div class=\"elementor-widget-wrap elementor-element-populated\">\n\t\t\t\t\t\t<div class=\"elementor-element elementor-element-bdccac5 section-small-tb elementor-widget elementor-widget-text-editor\" data-id=\"bdccac5\" data-element_type=\"widget\" data-widget_type=\"text-editor.default\">\n\t\t\t\t<div class=\"elementor-widget-container\">\n\t\t\t\t\t\t\t<p><strong>International:<\/strong><\/p>\n<ul>\n<li>Weltverband der Automobilverb\u00e4nde (OICA)<\/li>\n<li>Mitarbeit in Gremien der europ\u00e4ischen Automobilverb\u00e4nde (ACEA, Vorsitzender Truck Board, Zulieferverband, etc.)<\/li>\n<li>Zusammenarbeit mit ausl\u00e4ndischen Verb\u00e4nden, insbes. China, Indien, Japan oder Frankreich<\/li>\n<\/ul>\n\t\t\t\t\t\t<\/div>\n\t\t\t\t<\/div>\n\t\t\t\t\t<\/div>\n\t\t<\/div>\n\t\t\t\t\t<\/div>\n\t\t<\/section>\n\t\t\t\t<div class=\"elementor-element elementor-element-a810042 section-small-tb section-banner-grey elementor-widget elementor-widget-text-editor\" data-id=\"a810042\" data-element_type=\"widget\" data-widget_type=\"text-editor.default\">\n\t\t\t\t<div class=\"elementor-widget-container\">\n\t\t\t\t\t\t\t<h4><strong>Fahrzeughersteller und Zulieferer:<\/strong><\/h4>\n\t\t\t\t\t\t<\/div>\n\t\t\t\t<\/div>\n\t\t\t\t<section class=\"elementor-section elementor-inner-section elementor-element elementor-element-b0e2cd0 elementor-section-boxed elementor-section-height-default elementor-section-height-default\" data-id=\"b0e2cd0\" data-element_type=\"section\">\n\t\t\t\t\t\t<div class=\"elementor-container elementor-column-gap-default\">\n\t\t\t\t\t<div class=\"elementor-column elementor-col-50 elementor-inner-column elementor-element elementor-element-36d4151\" data-id=\"36d4151\" data-element_type=\"column\">\n\t\t\t<div class=\"elementor-widget-wrap elementor-element-populated\">\n\t\t\t\t\t\t<div class=\"elementor-element elementor-element-7817545 section-small-tb elementor-widget elementor-widget-text-editor\" data-id=\"7817545\" data-element_type=\"widget\" data-widget_type=\"text-editor.default\">\n\t\t\t\t<div class=\"elementor-widget-container\">\n\t\t\t\t\t\t\t<p><strong>National:<\/strong><\/p>\n<ul>\n<li>Breiter Zugang zu allen Unternehmen der Fahrzeughersteller, ob Pkw, Nutzfahrzeuge, Aufbauten, Anh\u00e4nger und Container sowie der Caravan-Industrie<\/li>\n<li>Das gilt genauso wie f\u00fcr die Zulieferindustrie, die vor- und nachgelagerten Branchen, des Handels, etc.<\/li>\n<li>VDA-Pr\u00e4sidium und Vorstand<\/li>\n<li>Mittelstandskreis<\/li>\n<li>Einkaufsverantwortliche der Hersteller<\/li>\n<li>Entwicklungsbereiche<\/li>\n<\/ul>\n\t\t\t\t\t\t<\/div>\n\t\t\t\t<\/div>\n\t\t\t\t\t<\/div>\n\t\t<\/div>\n\t\t\t\t<div class=\"elementor-column elementor-col-50 elementor-inner-column elementor-element elementor-element-e20e566\" data-id=\"e20e566\" data-element_type=\"column\">\n\t\t\t<div class=\"elementor-widget-wrap elementor-element-populated\">\n\t\t\t\t\t\t<div class=\"elementor-element elementor-element-773ec3b section-small-tb elementor-widget elementor-widget-text-editor\" data-id=\"773ec3b\" data-element_type=\"widget\" data-widget_type=\"text-editor.default\">\n\t\t\t\t<div class=\"elementor-widget-container\">\n\t\t\t\t\t\t\t<p><strong>International:<\/strong><\/p>\n<ul>\n<li>Starkes Netzwerk zur chinesischen Automobilindustrie (Hersteller und Zulieferer)<\/li>\n<li>Enges europ\u00e4isches Netzwerk zu Herstellern und Zulieferern<\/li>\n<li>Enge Verbindungen zur ausl\u00e4ndischen Zulieferindustrie (USA, Indien, Brasilien, Mexiko, etc.)<\/li>\n<li>In der Zeit als Weltverbandspr\u00e4sidentschaft entstand ein breiter Zugang zu allen automobilproduzierenden Regionen<\/li>\n<\/ul>\n\t\t\t\t\t\t<\/div>\n\t\t\t\t<\/div>\n\t\t\t\t\t<\/div>\n\t\t<\/div>\n\t\t\t\t\t<\/div>\n\t\t<\/section>\n\t\t\t\t<div class=\"elementor-element elementor-element-41c8fd6 section-small-tb section-banner-grey elementor-widget elementor-widget-text-editor\" data-id=\"41c8fd6\" data-element_type=\"widget\" data-widget_type=\"text-editor.default\">\n\t\t\t\t<div class=\"elementor-widget-container\">\n\t\t\t\t\t\t\t<h4><strong>Finanzwirtschaft:<\/strong><\/h4>\n\t\t\t\t\t\t<\/div>\n\t\t\t\t<\/div>\n\t\t\t\t<div class=\"elementor-element elementor-element-361acce section-small-tb elementor-widget elementor-widget-text-editor\" data-id=\"361acce\" data-element_type=\"widget\" data-widget_type=\"text-editor.default\">\n\t\t\t\t<div class=\"elementor-widget-container\">\n\t\t\t\t\t\t\t<ul>\n<li>Als BDI-Vizepr\u00e4sident regelm\u00e4\u00dfig Gespr\u00e4che zwischen Banken und Industrie auf h\u00f6chste Ebene<\/li>\n<li>Dialog Zulieferindustrie &#8211; Banken<\/li>\n<li>Kontakte zu Finanzinvestoren, Private Equity, etc.<\/li>\n<li>Enges Netzwerk zu Analysten<\/li>\n<li>Zugang zu Fonds, Family Offices, etc<\/li>\n<\/ul>\n\t\t\t\t\t\t<\/div>\n\t\t\t\t<\/div>\n\t\t\t\t<div class=\"elementor-element elementor-element-d76c1a7 section-small-tb section-banner-grey elementor-widget elementor-widget-text-editor\" data-id=\"d76c1a7\" data-element_type=\"widget\" data-widget_type=\"text-editor.default\">\n\t\t\t\t<div class=\"elementor-widget-container\">\n\t\t\t\t\t\t\t<h4><strong>Industrie:<\/strong><\/h4>\n\t\t\t\t\t\t<\/div>\n\t\t\t\t<\/div>\n\t\t\t\t<div class=\"elementor-element elementor-element-90f91d6 section-small-tb elementor-widget elementor-widget-text-editor\" data-id=\"90f91d6\" data-element_type=\"widget\" data-widget_type=\"text-editor.default\">\n\t\t\t\t<div class=\"elementor-widget-container\">\n\t\t\t\t\t\t\t<ul>\n<li>Automobilindustrie<\/li>\n<li>Maschinenbau<\/li>\n<li>Energie<\/li>\n<li>Chemie<\/li>\n<\/ul>\n\t\t\t\t\t\t<\/div>\n\t\t\t\t<\/div>\n\t\t\t\t\t<\/div>\n\t\t<\/div>\n\t\t\t\t\t<\/div>\n\t\t<\/section>\n\t\t\t\t<\/div>\n\t\t","protected":false},"excerpt":{"rendered":"<p>The Network Angesichts der gesamtwirtschaftlichen Bedeutung der Automobilindustrie, der engen Verflechtung mit anderen Industriebereichen, der globalen Vernetzung, der komplexen Wertsch\u00f6pfungskette zwischen Herstellern, Zulieferern, der Logistik, etc. und angesichts der gewachsenen Interdependenz zwischen Automobil- und Finanzgesch\u00e4ft, kommt dem Netzwerk f\u00fcr eine erfolgreiche Beratung entscheidende Bedeutung zu. AutoValue GmbH verf\u00fcgt \u00fcber ein herausragendes Netzwerk, und zwar national [&hellip;]<\/p>\n","protected":false},"author":15,"featured_media":0,"parent":0,"menu_order":0,"comment_status":"closed","ping_status":"closed","template":"","meta":{"site-sidebar-layout":"no-sidebar","site-content-layout":"page-builder","ast-site-content-layout":"","site-content-style":"default","site-sidebar-style":"default","ast-global-header-display":"","ast-banner-title-visibility":"","ast-main-header-display":"","ast-hfb-above-header-display":"","ast-hfb-below-header-display":"","ast-hfb-mobile-header-display":"","site-post-title":"disabled","ast-breadcrumbs-content":"","ast-featured-img":"disabled","footer-sml-layout":"","theme-transparent-header-meta":"default","adv-header-id-meta":"","stick-header-meta":"","header-above-stick-meta":"","header-main-stick-meta":"","header-below-stick-meta":"","astra-migrate-meta-layouts":"default","ast-page-background-enabled":"default","ast-page-background-meta":{"desktop":{"background-color":"var(--ast-global-color-4)","background-image":"","background-repeat":"repeat","background-position":"center center","background-size":"auto","background-attachment":"scroll","background-type":"","background-media":"","overlay-type":"","overlay-color":"","overlay-gradient":""},"tablet":{"background-color":"","background-image":"","background-repeat":"repeat","background-position":"center center","background-size":"auto","background-attachment":"scroll","background-type":"","background-media":"","overlay-type":"","overlay-color":"","overlay-gradient":""},"mobile":{"background-color":"","background-image":"","background-repeat":"repeat","background-position":"center center","background-size":"auto","background-attachment":"scroll","background-type":"","background-media":"","overlay-type":"","overlay-color":"","overlay-gradient":""}},"ast-content-background-meta":{"desktop":{"background-color":"var(--ast-global-color-5)","background-image":"","background-repeat":"repeat","background-position":"center center","background-size":"auto","background-attachment":"scroll","background-type":"","background-media":"","overlay-type":"","overlay-color":"","overlay-gradient":""},"tablet":{"background-color":"var(--ast-global-color-5)","background-image":"","background-repeat":"repeat","background-position":"center center","background-size":"auto","background-attachment":"scroll","background-type":"","background-media":"","overlay-type":"","overlay-color":"","overlay-gradient":""},"mobile":{"background-color":"var(--ast-global-color-5)","background-image":"","background-repeat":"repeat","background-position":"center center","background-size":"auto","background-attachment":"scroll","background-type":"","background-media":"","overlay-type":"","overlay-color":"","overlay-gradient":""}},"footnotes":""},"_links":{"self":[{"href":"https:\/\/www.autovalue.de\/en\/wp-json\/wp\/v2\/pages\/1204"}],"collection":[{"href":"https:\/\/www.autovalue.de\/en\/wp-json\/wp\/v2\/pages"}],"about":[{"href":"https:\/\/www.autovalue.de\/en\/wp-json\/wp\/v2\/types\/page"}],"author":[{"embeddable":true,"href":"https:\/\/www.autovalue.de\/en\/wp-json\/wp\/v2\/users\/15"}],"replies":[{"embeddable":true,"href":"https:\/\/www.autovalue.de\/en\/wp-json\/wp\/v2\/comments?post=1204"}],"version-history":[{"count":17,"href":"https:\/\/www.autovalue.de\/en\/wp-json\/wp\/v2\/pages\/1204\/revisions"}],"predecessor-version":[{"id":2536,"href":"https:\/\/www.autovalue.de\/en\/wp-json\/wp\/v2\/pages\/1204\/revisions\/2536"}],"wp:attachment":[{"href":"https:\/\/www.autovalue.de\/en\/wp-json\/wp\/v2\/media?parent=1204"}],"curies":[{"name":"wp","href":"https:\/\/api.w.org\/{rel}","templated":true}]}}