{"id":1212,"date":"2018-08-30T13:06:22","date_gmt":"2018-08-30T11:06:22","guid":{"rendered":"https:\/\/www.autovalue.de\/das-team\/"},"modified":"2025-08-21T14:21:10","modified_gmt":"2025-08-21T12:21:10","slug":"the-team","status":"publish","type":"page","link":"https:\/\/www.autovalue.de\/en\/the-team\/","title":{"rendered":"The team"},"content":{"rendered":"\t\t<div data-elementor-type=\"wp-post\" data-elementor-id=\"1212\" class=\"elementor elementor-1212 elementor-13\">\n\t\t\t\t\t\t<section class=\"elementor-section elementor-top-section elementor-element elementor-element-3198e17 section section-banner-red elementor-section-boxed elementor-section-height-default elementor-section-height-default\" data-id=\"3198e17\" data-element_type=\"section\">\n\t\t\t\t\t\t<div class=\"elementor-container elementor-column-gap-default\">\n\t\t\t\t\t<div class=\"elementor-column elementor-col-100 elementor-top-column elementor-element elementor-element-0ff717f\" data-id=\"0ff717f\" data-element_type=\"column\">\n\t\t\t<div class=\"elementor-widget-wrap elementor-element-populated\">\n\t\t\t\t\t\t<div class=\"elementor-element elementor-element-7a0b725 elementor-widget elementor-widget-heading\" data-id=\"7a0b725\" data-element_type=\"widget\" data-widget_type=\"heading.default\">\n\t\t\t\t<div class=\"elementor-widget-container\">\n\t\t\t<h2 class=\"elementor-heading-title elementor-size-default\">The team<\/h2>\t\t<\/div>\n\t\t\t\t<\/div>\n\t\t\t\t\t<\/div>\n\t\t<\/div>\n\t\t\t\t\t<\/div>\n\t\t<\/section>\n\t\t\t\t<section class=\"elementor-section elementor-top-section elementor-element elementor-element-5e39d10 elementor-section-boxed elementor-section-height-default elementor-section-height-default\" data-id=\"5e39d10\" data-element_type=\"section\">\n\t\t\t\t\t\t<div class=\"elementor-container elementor-column-gap-default\">\n\t\t\t\t\t<div class=\"elementor-column elementor-col-50 elementor-top-column elementor-element elementor-element-844b4b4\" data-id=\"844b4b4\" data-element_type=\"column\">\n\t\t\t<div class=\"elementor-widget-wrap elementor-element-populated\">\n\t\t\t\t\t\t<div class=\"elementor-element elementor-element-92cf13a section-small elementor-widget elementor-widget-text-editor\" data-id=\"92cf13a\" data-element_type=\"widget\" data-widget_type=\"text-editor.default\">\n\t\t\t\t<div class=\"elementor-widget-container\">\n\t\t\t\t\t\t\t<h4><strong>Prof. Dr. Bernd Gottschalk<\/strong><\/h4>\n<p>Gr\u00fcnder und Gesch\u00e4ftsf\u00fchrender Gesellschafter AutoValue GmbH<br \/>Automotive Consultant<\/p>\n<ul>\n<li>langj\u00e4hrige Erfahrung in der deutschen und internationalen Automobilindustrie<\/li>\n<li>ausgepr\u00e4gtes Netzwerk in Wirtschaft, Finanzen und Politik<\/li>\n<li>ehemaliges Vorstandsmitglied der Mercedes-Benz AG, verantwortlich f\u00fcr das weltweite Nutzfahrzeuggesch\u00e4ft<\/li>\n<li>ehemaliger Pr\u00e4sident des Verbandes der Automobilindustrie (VDA), Frankfurt, und des Weltverbandes der Automobilhersteller (OICA), Paris<\/li>\n<li>ehemaliger Vize-Pr\u00e4sident des Bundesverbandes der Deutschen Industrie (BDI), Berlin<\/li>\n<li>diverse Aufsichtsratsmandate im In- und Ausland wie z.B.:\n<ul>\n<li>\u00a0Schaeffler AG (bis 24.04.2025)<\/li>\n<li>Jost Werke AG (bis 11.05.2023)<\/li>\n<li>OPmobility SE (ehem. Compagnie Plastic Omnium), Paris<\/li>\n<li>Benteler International AG<\/li>\n<li>AEye, Inc. Pleasanton, Calif USA (Advisory Board)<\/li>\n<li>Fr\u00fchere Mandate, wie z.B.\n<ul>\n<li>Delphi Corp.<\/li>\n<li>Voith AG<\/li>\n<li>Fuchs Petrolub AG<\/li>\n<li>ThyssenKrupp Steel<\/li>\n<li>Haldex AB<\/li>\n<\/ul>\n<\/li>\n<\/ul>\n<\/li>\n<li>Senior Advisor-und Executive Chairman &#8211; T\u00e4tigkeit in Finanz- und Automotive- Gesellschaften<\/li>\n<\/ul>\n<p>Sie erreichen Prof. Dr. Gottschalk unter <a href=\"mailto:gottschalk@autovalue.de\">gottschalk@autovalue.de<\/a>.<\/p>\n\t\t\t\t\t\t<\/div>\n\t\t\t\t<\/div>\n\t\t\t\t\t<\/div>\n\t\t<\/div>\n\t\t\t\t<div class=\"elementor-column elementor-col-50 elementor-top-column elementor-element elementor-element-67bfd41\" data-id=\"67bfd41\" data-element_type=\"column\">\n\t\t\t<div class=\"elementor-widget-wrap elementor-element-populated\">\n\t\t\t\t\t\t<div class=\"elementor-element elementor-element-9734c36 section-small elementor-widget elementor-widget-text-editor\" data-id=\"9734c36\" data-element_type=\"widget\" data-widget_type=\"text-editor.default\">\n\t\t\t\t<div class=\"elementor-widget-container\">\n\t\t\t\t\t\t\t<h4><strong>Dr. Matthias H\u00e4berle<br \/><\/strong><\/h4>\n<ul>\n<li>\u00dcber 25 Jahre Erfahrung in internationalen mittelst\u00e4ndischen Unternehmen in den Branchen\n<ul>\n<li>Automobilzulieferung,<\/li>\n<li>Metallurgischer Maschinen- und Anlagenbau,<\/li>\n<li>Gro\u00dfhandel f\u00fcr Bauindustrie und<\/li>\n<li>Mobilit\u00e4tsdienstleistungen<\/li>\n<\/ul>\n<\/li>\n<li>Davon \u00fcber 15 Jahre als CFO mit umfassender Erfahrung auch in den Bereichen Markt und Technik sowohl im kapitalmarktnahen Umfeld (b\u00f6rsennotierte AGs und Private Equity) als auch in einem Familienunternehmen<\/li>\n<\/ul>\n<ul>\n<li>Ausgepr\u00e4gte Erfahrung im Management von Unternehmenskrisen\n<ul>\n<li>Festigung bzw. R\u00fcckgewinnung von Vertrauen bei Kunden und Lieferanten sowie Finanzpartnern und Kreditversicherern<\/li>\n<li>Einwerben von Sanierungsbeitr\u00e4gen von Kunden und Besch\u00e4ftigten, einschlie\u00dflich Personalabbau<\/li>\n<li>Stabilisierung des Auftragseingangs<\/li>\n<li>Produktionsverlagerungen ins Ausland<\/li>\n<\/ul>\n<\/li>\n<li>Umsetzung einer globalen Vertriebs- und Wachstumsstrategie\n<ul>\n<li>Bereinigung des Produktportfolios<\/li>\n<li>Festigung von Kundenbeziehungen auf Entscheider-Ebene<\/li>\n<li>Koordination von Vertriebs- und Entwicklungsprojekten<\/li>\n<\/ul>\n<\/li>\n<li>Fundierte Erfahrung in der Steuerung von globalen M&amp;A Prozessen als Investor und Target; erfolgreiche Einwerbung von Eigenkapital<\/li>\n<li>Konzeption und Realisierung internationaler strukturierter Finanzierungen<\/li>\n<li>Implementierung eines integrierten ERP Systems (SAP)<\/li>\n<li>Reibungslose Integration eines Teilkonzerns in ein neu geschaffenes Konzernumfeld<\/li>\n<\/ul>\n\t\t\t\t\t\t<\/div>\n\t\t\t\t<\/div>\n\t\t\t\t\t<\/div>\n\t\t<\/div>\n\t\t\t\t\t<\/div>\n\t\t<\/section>\n\t\t\t\t<section class=\"elementor-section elementor-top-section elementor-element elementor-element-078fa0f elementor-section-boxed elementor-section-height-default elementor-section-height-default\" data-id=\"078fa0f\" data-element_type=\"section\">\n\t\t\t\t\t\t<div class=\"elementor-container elementor-column-gap-default\">\n\t\t\t\t\t<div class=\"elementor-column elementor-col-50 elementor-top-column elementor-element elementor-element-0c54615\" data-id=\"0c54615\" data-element_type=\"column\">\n\t\t\t<div class=\"elementor-widget-wrap elementor-element-populated\">\n\t\t\t\t\t\t<div class=\"elementor-element elementor-element-4fe3b3a section-small elementor-widget elementor-widget-text-editor\" data-id=\"4fe3b3a\" data-element_type=\"widget\" data-widget_type=\"text-editor.default\">\n\t\t\t\t<div class=\"elementor-widget-container\">\n\t\t\t\t\t\t\t<h4><strong>Wolfgang Widlewski<\/strong><\/h4>\n<ul>\n<li>\u00fcber 30 Jahre Erfahrung in der deutschen und internationalen Automobilindustrie<\/li>\n<li>ehemaliger CFO Daimler Northeast-Asia<\/li>\n<li>\u00fcber 9 Jahre Auslandserfahrung, speziell China und S\u00fcdkorea mit Joint Venture Partnern<\/li>\n<li>breite Erfahrungen bei Restrukturierungsprojekten und Turn around management<\/li>\n<li>ausgepr\u00e4gte Kenntnisse bei globalen Produktprojekten<\/li>\n<li>langj\u00e4hrige Boardmitgliedschaften in asiatischen Auslandsgesellschaften<\/li>\n<\/ul>\n<p>Sie erreichen Herrn Widlewski unter\u00a0<a href=\"mailto:%20widlewski@autovalue.de\">widlewski@autovalue.de<\/a>.<\/p>\n\t\t\t\t\t\t<\/div>\n\t\t\t\t<\/div>\n\t\t\t\t<div class=\"elementor-element elementor-element-1bd60de elementor-widget elementor-widget-heading\" data-id=\"1bd60de\" data-element_type=\"widget\" data-widget_type=\"heading.default\">\n\t\t\t\t<div class=\"elementor-widget-container\">\n\t\t\t<h2 class=\"elementor-heading-title elementor-size-default\">Impressum<\/h2>\t\t<\/div>\n\t\t\t\t<\/div>\n\t\t\t\t\t<\/div>\n\t\t<\/div>\n\t\t\t\t<div class=\"elementor-column elementor-col-50 elementor-top-column elementor-element elementor-element-9ae2cfb\" data-id=\"9ae2cfb\" data-element_type=\"column\">\n\t\t\t<div class=\"elementor-widget-wrap elementor-element-populated\">\n\t\t\t\t\t\t<div class=\"elementor-element elementor-element-554ca9c section-small elementor-widget elementor-widget-text-editor\" data-id=\"554ca9c\" data-element_type=\"widget\" data-widget_type=\"text-editor.default\">\n\t\t\t\t<div class=\"elementor-widget-container\">\n\t\t\t\t\t\t\t<h4><strong>Wendelin Wolbert<\/strong><\/h4>\n<ul>\n<li>\u00fcber 35 Jahre Erfahrung in der Automobilindustrie (Daimler), davon mehr als 17 Jahre in der ersten F\u00fchrungsebene<\/li>\n<li>breites Wissensspektrum, insbesondere in den Bereichen Vertrieb, Strategie, Controlling und Einkauf<\/li>\n<li>\u00fcber 30 Jahre internationale Erfahrung in der Analyse und Durchf\u00fchrung von komplexen Projekten, wie z.B. Merger and Acquisitions, Industrialisierungen, Kooperationen, Boardmitgliedschaften, Restrukturierungsprojekten und Turn around management<\/li>\n<li>\u00fcber 10 Erfahrung internationale Erfahrung im Rahmen der Leitung global verantwortlicher Bereiche im Controlling und Einkauf auf Konzernebene<\/li>\n<li>ehemaliger President Daimler Nutzfahrzeuge China. Mehr als 15 Jahre China Erfahrung (davon rd. 6 Jahre vor Ort als President Daimler Commercial Vehicles China). Vielfache Erfahrung mit der Gr\u00fcndung, Verhandlung und F\u00fchrung von Joint Venturen<\/li>\n<\/ul>\n\t\t\t\t\t\t<\/div>\n\t\t\t\t<\/div>\n\t\t\t\t\t<\/div>\n\t\t<\/div>\n\t\t\t\t\t<\/div>\n\t\t<\/section>\n\t\t\t\t<section class=\"elementor-section elementor-top-section elementor-element elementor-element-c123de9 elementor-section-boxed elementor-section-height-default elementor-section-height-default\" data-id=\"c123de9\" data-element_type=\"section\">\n\t\t\t\t\t\t<div class=\"elementor-container elementor-column-gap-default\">\n\t\t\t\t\t<div class=\"elementor-column elementor-col-50 elementor-top-column elementor-element elementor-element-898de7c\" data-id=\"898de7c\" data-element_type=\"column\">\n\t\t\t<div class=\"elementor-widget-wrap elementor-element-populated\">\n\t\t\t\t\t\t<div class=\"elementor-element elementor-element-ff3302b section-small elementor-widget elementor-widget-text-editor\" data-id=\"ff3302b\" data-element_type=\"widget\" data-widget_type=\"text-editor.default\">\n\t\t\t\t<div class=\"elementor-widget-container\">\n\t\t\t\t\t\t\t<h4><strong>Thomas Stoeckel<\/strong><\/h4>\n<ul>\n<li>\u00fcber 25 Jahre Erfahrung in der Automobil-,\u00a0 Luft- und Raumfahrtindustrie<\/li>\n<li>ehemaliges Gesch\u00e4ftsf\u00fchrungsmitglied der EvoBus GmbH und Daimler Buses<\/li>\n<li>\u00fcber 3 Jahre Erfahrung in der Management- und Insolvenzberatung in verschiedenen Projekten<\/li>\n<li>umfassende Kenntnisse im Bereich der Unternehmensplanung, M&amp;A Projekten<\/li>\n<li>und Restrukturierungsprojekten inklusive Insolvenzmanagement<\/li>\n<li>Erfahrungen mit Auslandsprojekten insb. USA, China, Brasilien, T\u00fcrkei, europ\u00e4ische Region<\/li>\n<li>langj\u00e4hrige Mitgliedschaft in Boards verschiedener Inlands- und Auslandsgesellschaften<\/li>\n<\/ul>\n\t\t\t\t\t\t<\/div>\n\t\t\t\t<\/div>\n\t\t\t\t<div class=\"elementor-element elementor-element-763cf15 section-small elementor-widget elementor-widget-text-editor\" data-id=\"763cf15\" data-element_type=\"widget\" data-widget_type=\"text-editor.default\">\n\t\t\t\t<div class=\"elementor-widget-container\">\n\t\t\t\t\t\t\t<h4><strong>Sven Schneider<\/strong><\/h4>\n<ul>\n<li>\u00fcber 20 Jahre erfolgreiche Gesch\u00e4ftsentwicklung und F\u00fchrungskompetenz im global t\u00e4tigen gehobenen Mittelstand (Automobil, Luftfahrt, Chemie, Metallverarbeitung, Elektronik)<\/li>\n<li>langj\u00e4hriger General Manager und CFO im b\u00f6rsennotierten und Private Equity Umfeld<\/li>\n<li>langj\u00e4hriges Mitglied in Boards und verschiedenen Gremien (z.B. Audit Committee) im In- und Ausland<\/li>\n<li>Erfahrung in der Durchf\u00fchrung von komplexen l\u00e4nder- und bereichs\u00fcbergreifenden Projekten, \u00a0wie z.B. Merger and Acquisitions (Buy- und Sell-Side), Integration und Carve-out, Strategische Neuausrichtung, Restrukturierung, Working Capital Optimierung<\/li>\n<li>Ver\u00e4nderungsmanagement mit hoher sozio-kultureller Sensibilit\u00e4t<\/li>\n<li>Organisations- und F\u00fchrungskr\u00e4fteentwicklung<\/li>\n<li>Dipl.-Betriebswirt (BA); Six Sigma Black Belt; Sprachen: Deutsch und Englisch<\/li>\n<\/ul>\n\t\t\t\t\t\t<\/div>\n\t\t\t\t<\/div>\n\t\t\t\t\t<\/div>\n\t\t<\/div>\n\t\t\t\t<div class=\"elementor-column elementor-col-50 elementor-top-column elementor-element elementor-element-5931fe2\" data-id=\"5931fe2\" data-element_type=\"column\">\n\t\t\t<div class=\"elementor-widget-wrap elementor-element-populated\">\n\t\t\t\t\t\t<div class=\"elementor-element elementor-element-04b1994 section-small elementor-widget elementor-widget-text-editor\" data-id=\"04b1994\" data-element_type=\"widget\" data-widget_type=\"text-editor.default\">\n\t\t\t\t<div class=\"elementor-widget-container\">\n\t\t\t\t\t\t\t<h4><strong>Bettina Kupferberg<br \/><\/strong><\/h4>\n<p>Automotive Research<\/p>\n<ul>\n<li>Diplom-Volkswirtin<\/li>\n<li>langj\u00e4hrige Verbandst\u00e4tigkeit<\/li>\n<li>Expertin in Marktanalysen, statistischen Auswertungen<\/li>\n<li>Enge Verbindungen zu Institutionen, wie z.B. R. L. Polk Germany GmbH sowie &#8211; projektabh\u00e4ngig &#8211; einem Kreis von Experten, die \u00fcber ein breites Know How in der Automobilindustrie verf\u00fcgen.<\/li>\n<\/ul>\n<p>Sie erreichen Frau Kupferberg unter\u00a0<a href=\"mailto:kupferberg@autovalue.de\">kupferberg@autovalue.de<\/a>.<\/p>\n<p>\u00a0<\/p>\n\t\t\t\t\t\t<\/div>\n\t\t\t\t<\/div>\n\t\t\t\t<div class=\"elementor-element elementor-element-05d0782 section-small elementor-widget elementor-widget-text-editor\" data-id=\"05d0782\" data-element_type=\"widget\" data-widget_type=\"text-editor.default\">\n\t\t\t\t<div class=\"elementor-widget-container\">\n\t\t\t\t\t\t\t<h4><strong>Tom Graf<\/strong><\/h4>\n<ul>\n<li>\u00fcber 20 Jahre T\u00e4tigkeit in der automobilen Zulieferindustrie<\/li>\n<li>seit mehr als 30 Jahren t\u00e4tig als CEO und CRO in dem gehobenen, industriellen Mittelstand<\/li>\n<li>seit mehr als 25 Jahren erfolgreiche, ganzheitliche Restrukturierungen sowie Sanierungs- und Change Management<br \/>Einf\u00fchrung umfangreicher Kontroll- und Steuerungssysteme in globalen Strukturen<\/li>\n<li>seit mehr als 30 Jahren Organisation und Umsetzung von Unternehmensfinanzierungen auch in kritischen Situationen (innen und Au\u00dfen), teilweise mit internationalen Bankenkonsortien und Privat Equity<br \/>erfolgreiche Durchf\u00fchrung von mehr als 15 M&amp;A-Projekten (Kauf- und Verkauf, MBO)<\/li>\n<li>langj\u00e4hrige Erfahrung in Familienunternehmen<\/li>\n<li>Dipl.-Betriebswirt (ebs); Sprachen: Deutsch, Englisch und Franz\u00f6sisch<\/li>\n<\/ul>\n<p>\u00a0<\/p>\n\t\t\t\t\t\t<\/div>\n\t\t\t\t<\/div>\n\t\t\t\t\t<\/div>\n\t\t<\/div>\n\t\t\t\t\t<\/div>\n\t\t<\/section>\n\t\t\t\t<section class=\"elementor-section elementor-top-section elementor-element elementor-element-db00165 elementor-section-boxed elementor-section-height-default elementor-section-height-default\" data-id=\"db00165\" data-element_type=\"section\">\n\t\t\t\t\t\t<div class=\"elementor-container elementor-column-gap-default\">\n\t\t\t\t\t<div class=\"elementor-column elementor-col-50 elementor-top-column elementor-element elementor-element-a39bf37\" data-id=\"a39bf37\" data-element_type=\"column\">\n\t\t\t<div class=\"elementor-widget-wrap elementor-element-populated\">\n\t\t\t\t\t\t<div class=\"elementor-element elementor-element-a62b1bc section-small elementor-widget elementor-widget-text-editor\" data-id=\"a62b1bc\" data-element_type=\"widget\" data-widget_type=\"text-editor.default\">\n\t\t\t\t<div class=\"elementor-widget-container\">\n\t\t\t\t\t\t\t<h4><strong>Dr.-Ing. Wolfgang Runge<\/strong><\/h4>\n<p>\u00fcber 35 Jahre Kompetenz in Elektronik, Fahrwerk- und Antriebstechnik, Change Management<\/p>\n<ul>\n<li>Pionier der \u201eDigitalen Transformation\u201c\n<ul>\n<li>Als \u201eLeiter Elektronik der ZF Friedrichshafen AG\u201c bereits ab 1990 strategisch disruptive Strategie zu Software- und Mechatronikkompetenz entwickelt und umgesetzt. Basis zur ger\u00e4uschlosen \u00dcbernahme von TRW. Prozessf\u00fchrer f\u00fcr SW-Entwicklung in Deutschland.<\/li>\n<\/ul>\n<\/li>\n<li>\u201eGoldene Daimler-Benz-Maybach Ehrenmedaille\u201c des VDI\n<ul>\n<li>f\u00fcr \u201eVerdienste zur Entwicklung der Mechatronik im Automobil\u201c. 16 Preistr\u00e4ger seit 1986.<\/li>\n<\/ul>\n<\/li>\n<li>Integration von Techologie und \u00d6konomie\n<ul>\n<li>\u201eGesch\u00e4ftsf\u00fchrer Technik\u201c der ZF Lenksysteme GmbH und zusammen mit Gesch\u00e4ftsf\u00fchrer Fertigung \u201eErgebnisverantwortung f\u00fcr PKW-Lenksysteme\u201c<\/li>\n<li>Entwicklung der elektromechanischen Lenkung f\u00fcr alle Fahrzeugklassen \u2013 Basisaktuator f\u00fcr alle Fahrerassistenzsysteme bis hin zum \u201evollautonomen Fahren\u201c.<\/li>\n<li>Produktkostenoptimierung und integrierte Baukastenkonzepte = Basis der Umsatzsteigerung von 1,8 Mrd. in 2003 auf aktuell &gt; 6Mrd \u20ac und technologischer Weltmarktf\u00fchrer f\u00fcr elektromechanische Lenkungen.<\/li>\n<\/ul>\n<\/li>\n<li>Verband Deutscher Ingenieure VDI\n<ul>\n<li>20 Jahre Mitglied und 10 Jahre Vorsitz des Programmbeirates der VDI-Tagung \u201eElektronik im Kraftfahrzeug\u201c jetzt ELIV(1500 Teilnehmer \u2013 weltweit gr\u00f6\u00dfte Tagung zur Automobilelektronik)<\/li>\n<\/ul>\n<\/li>\n<li>Aufsichtsrat bei Technologiedienstleister<\/li>\n<\/ul>\n<p>\u00a0<\/p>\n\t\t\t\t\t\t<\/div>\n\t\t\t\t<\/div>\n\t\t\t\t\t<\/div>\n\t\t<\/div>\n\t\t\t\t<div class=\"elementor-column elementor-col-50 elementor-top-column elementor-element elementor-element-57b2a1c\" data-id=\"57b2a1c\" data-element_type=\"column\">\n\t\t\t<div class=\"elementor-widget-wrap elementor-element-populated\">\n\t\t\t\t\t\t<div class=\"elementor-element elementor-element-7b6c7f5 section-small elementor-widget elementor-widget-text-editor\" data-id=\"7b6c7f5\" data-element_type=\"widget\" data-widget_type=\"text-editor.default\">\n\t\t\t\t<div class=\"elementor-widget-container\">\n\t\t\t\t\t\t\t<h4><strong>sowie&#8230;<br \/><\/strong><\/h4>\n<p>&#8230; ein Team aus weiteren Mitarbeitern, die sich vor allem dadurch<br \/>auszeichnen, dass sie \u00fcber langj\u00e4hrige Erfahrungen in der<br \/>Automobilindustrie verf\u00fcgen und zum gr\u00f6\u00dften Teil selbst<br \/>F\u00fchrungsverantwortung \u00fcbernommen haben.<\/p>\n\t\t\t\t\t\t<\/div>\n\t\t\t\t<\/div>\n\t\t\t\t\t<\/div>\n\t\t<\/div>\n\t\t\t\t\t<\/div>\n\t\t<\/section>\n\t\t\t\t<section class=\"elementor-section elementor-top-section elementor-element elementor-element-6a5142d elementor-section-boxed elementor-section-height-default elementor-section-height-default\" data-id=\"6a5142d\" data-element_type=\"section\">\n\t\t\t\t\t\t<div class=\"elementor-container elementor-column-gap-default\">\n\t\t\t\t\t<div class=\"elementor-column elementor-col-50 elementor-top-column elementor-element elementor-element-22c72fc\" data-id=\"22c72fc\" data-element_type=\"column\">\n\t\t\t<div class=\"elementor-widget-wrap elementor-element-populated\">\n\t\t\t\t\t\t\t<\/div>\n\t\t<\/div>\n\t\t\t\t<div class=\"elementor-column elementor-col-50 elementor-top-column elementor-element elementor-element-a5764e4\" data-id=\"a5764e4\" data-element_type=\"column\">\n\t\t\t<div class=\"elementor-widget-wrap elementor-element-populated\">\n\t\t\t\t\t\t\t<\/div>\n\t\t<\/div>\n\t\t\t\t\t<\/div>\n\t\t<\/section>\n\t\t\t\t<\/div>\n\t\t","protected":false},"excerpt":{"rendered":"<p>The team Prof. Dr. Bernd Gottschalk Gr\u00fcnder und Gesch\u00e4ftsf\u00fchrender Gesellschafter AutoValue GmbHAutomotive Consultant langj\u00e4hrige Erfahrung in der deutschen und internationalen Automobilindustrie ausgepr\u00e4gtes Netzwerk in Wirtschaft, Finanzen und Politik ehemaliges Vorstandsmitglied der Mercedes-Benz AG, verantwortlich f\u00fcr das weltweite Nutzfahrzeuggesch\u00e4ft ehemaliger Pr\u00e4sident des Verbandes der Automobilindustrie (VDA), Frankfurt, und des Weltverbandes der Automobilhersteller (OICA), Paris ehemaliger Vize-Pr\u00e4sident [&hellip;]<\/p>\n","protected":false},"author":15,"featured_media":0,"parent":0,"menu_order":0,"comment_status":"closed","ping_status":"closed","template":"","meta":{"site-sidebar-layout":"no-sidebar","site-content-layout":"page-builder","ast-site-content-layout":"","site-content-style":"default","site-sidebar-style":"default","ast-global-header-display":"","ast-banner-title-visibility":"","ast-main-header-display":"","ast-hfb-above-header-display":"","ast-hfb-below-header-display":"","ast-hfb-mobile-header-display":"","site-post-title":"disabled","ast-breadcrumbs-content":"","ast-featured-img":"disabled","footer-sml-layout":"","theme-transparent-header-meta":"","adv-header-id-meta":"","stick-header-meta":"","header-above-stick-meta":"","header-main-stick-meta":"","header-below-stick-meta":"","astra-migrate-meta-layouts":"default","ast-page-background-enabled":"default","ast-page-background-meta":{"desktop":{"background-color":"var(--ast-global-color-4)","background-image":"","background-repeat":"repeat","background-position":"center center","background-size":"auto","background-attachment":"scroll","background-type":"","background-media":"","overlay-type":"","overlay-color":"","overlay-gradient":""},"tablet":{"background-color":"","background-image":"","background-repeat":"repeat","background-position":"center center","background-size":"auto","background-attachment":"scroll","background-type":"","background-media":"","overlay-type":"","overlay-color":"","overlay-gradient":""},"mobile":{"background-color":"","background-image":"","background-repeat":"repeat","background-position":"center center","background-size":"auto","background-attachment":"scroll","background-type":"","background-media":"","overlay-type":"","overlay-color":"","overlay-gradient":""}},"ast-content-background-meta":{"desktop":{"background-color":"var(--ast-global-color-5)","background-image":"","background-repeat":"repeat","background-position":"center center","background-size":"auto","background-attachment":"scroll","background-type":"","background-media":"","overlay-type":"","overlay-color":"","overlay-gradient":""},"tablet":{"background-color":"var(--ast-global-color-5)","background-image":"","background-repeat":"repeat","background-position":"center center","background-size":"auto","background-attachment":"scroll","background-type":"","background-media":"","overlay-type":"","overlay-color":"","overlay-gradient":""},"mobile":{"background-color":"var(--ast-global-color-5)","background-image":"","background-repeat":"repeat","background-position":"center center","background-size":"auto","background-attachment":"scroll","background-type":"","background-media":"","overlay-type":"","overlay-color":"","overlay-gradient":""}},"footnotes":""},"_links":{"self":[{"href":"https:\/\/www.autovalue.de\/en\/wp-json\/wp\/v2\/pages\/1212"}],"collection":[{"href":"https:\/\/www.autovalue.de\/en\/wp-json\/wp\/v2\/pages"}],"about":[{"href":"https:\/\/www.autovalue.de\/en\/wp-json\/wp\/v2\/types\/page"}],"author":[{"embeddable":true,"href":"https:\/\/www.autovalue.de\/en\/wp-json\/wp\/v2\/users\/15"}],"replies":[{"embeddable":true,"href":"https:\/\/www.autovalue.de\/en\/wp-json\/wp\/v2\/comments?post=1212"}],"version-history":[{"count":47,"href":"https:\/\/www.autovalue.de\/en\/wp-json\/wp\/v2\/pages\/1212\/revisions"}],"predecessor-version":[{"id":2537,"href":"https:\/\/www.autovalue.de\/en\/wp-json\/wp\/v2\/pages\/1212\/revisions\/2537"}],"wp:attachment":[{"href":"https:\/\/www.autovalue.de\/en\/wp-json\/wp\/v2\/media?parent=1212"}],"curies":[{"name":"wp","href":"https:\/\/api.w.org\/{rel}","templated":true}]}}